{"id":411,"date":"2021-09-20T18:08:58","date_gmt":"2021-09-20T15:08:58","guid":{"rendered":"http:\/\/www.mairekaruvuori.com\/?page_id=411"},"modified":"2021-10-01T15:13:16","modified_gmt":"2021-10-01T12:13:16","slug":"portfolio","status":"publish","type":"page","link":"http:\/\/www.mairekaruvuori.com\/index.php\/portfolio\/","title":{"rendered":"Art"},"content":{"rendered":"\n<p> <\/p>\n\n\n\n<h1 class=\"alignwide wp-block-heading\">Portfolio<\/h1>\n\n\n\n<div class=\"wp-block-cover alignwide has-nv-site-bg-background-color has-background-dim\" style=\"min-height:600px;aspect-ratio:unset;\"><div class=\"wp-block-cover__inner-container is-layout-flow wp-block-cover-is-layout-flow\">\n<h2 class=\"alignwide has-text-align-left wp-block-heading\"><span class=\"has-inline-color has-neve-link-color-color\">Relevant pieces &amp; projects<\/span><\/h2>\n\n\n\n<p><\/p>\n\n\n\n<div class=\"wp-block-columns is-layout-flex wp-container-core-columns-is-layout-1 wp-block-columns-is-layout-flex\">\n<div class=\"wp-block-column is-layout-flow wp-block-column-is-layout-flow\" style=\"flex-basis:33.34%\">\n<figure class=\"wp-block-image size-large\"><a href=\"http:\/\/www.mairekaruvuori.com\/index.php\/2021\/10\/01\/i-steer-you-pedal-prologue-8-2021\/\"><img loading=\"lazy\" decoding=\"async\" width=\"435\" height=\"436\" src=\"http:\/\/www.mairekaruvuori.com\/wp-content\/uploads\/2021\/10\/horbteaser2-\u00aeCharlyKuball-edited-4.jpeg\" alt=\"Maire is holding an umbrella in front of her face and someone throws a big bowl of water on her.\" class=\"wp-image-636\" srcset=\"http:\/\/www.mairekaruvuori.com\/wp-content\/uploads\/2021\/10\/horbteaser2-\u00aeCharlyKuball-edited-4.jpeg 435w, http:\/\/www.mairekaruvuori.com\/wp-content\/uploads\/2021\/10\/horbteaser2-\u00aeCharlyKuball-edited-4-300x300.jpeg 300w, http:\/\/www.mairekaruvuori.com\/wp-content\/uploads\/2021\/10\/horbteaser2-\u00aeCharlyKuball-edited-4-150x150.jpeg 150w\" sizes=\"(max-width: 435px) 100vw, 435px\" \/><\/a><\/figure>\n\n\n\n<h3 class=\"has-text-align-center has-neve-text-color-color has-text-color wp-block-heading\">I Steer, you pedal<\/h3>\n\n\n\n<p class=\"has-text-align-center has-neve-text-color-color has-text-color\">A performance lecture about performance art, the work of an artist and the occurrence of many artists working together.<\/p>\n\n\n\n<p class=\"has-text-align-center has-neve-text-color-color has-text-color\">Horb am Neckar, Germany.<\/p>\n\n\n\n<div class=\"wp-block-buttons is-content-justification-center is-layout-flex wp-block-buttons-is-layout-flex\">\n<div class=\"wp-block-button is-style-primary\"><a class=\"wp-block-button__link\" href=\"http:\/\/www.mairekaruvuori.com\/index.php\/2021\/10\/01\/i-steer-you-pedal-prologue-8-2021\/\">I steer<\/a><\/div>\n<\/div>\n\n\n\n<figure class=\"wp-block-image size-full\"><a href=\"http:\/\/www.mairekaruvuori.com\/index.php\/2021\/10\/01\/kokkelin-kullitus-12-2019\/\"><img loading=\"lazy\" decoding=\"async\" width=\"999\" height=\"999\" src=\"http:\/\/www.mairekaruvuori.com\/wp-content\/uploads\/2021\/09\/Maire2019_Kokkeli_By_Mollu_Heino-edited.jpg\" alt=\"Maire is attaching gold to a concrete wall. She's wearing a blue worker's overall, black working boots and a golden sequinned cap.\" class=\"wp-image-618\" srcset=\"http:\/\/www.mairekaruvuori.com\/wp-content\/uploads\/2021\/09\/Maire2019_Kokkeli_By_Mollu_Heino-edited.jpg 999w, http:\/\/www.mairekaruvuori.com\/wp-content\/uploads\/2021\/09\/Maire2019_Kokkeli_By_Mollu_Heino-edited-300x300.jpg 300w, http:\/\/www.mairekaruvuori.com\/wp-content\/uploads\/2021\/09\/Maire2019_Kokkeli_By_Mollu_Heino-edited-150x150.jpg 150w, http:\/\/www.mairekaruvuori.com\/wp-content\/uploads\/2021\/09\/Maire2019_Kokkeli_By_Mollu_Heino-edited-768x768.jpg 768w\" sizes=\"(max-width: 999px) 100vw, 999px\" \/><\/a><\/figure>\n\n\n\n<h3 class=\"has-text-align-center wp-block-heading\"><meta charset=\"utf-8\"><span class=\"has-inline-color has-neve-link-color-color\">Kokkelin kullitus<\/span><\/h3>\n\n\n\n<p class=\"has-text-align-center\"><span class=\"has-inline-color has-neve-link-color-color\">An environmental performative sculpture<\/span> <span class=\"has-inline-color has-neve-link-color-color\">along Kokem\u00e4ki river.<\/span> <span class=\"has-inline-color has-neve-link-color-color\">A collaboration with Mollu Heino and the Landscape Studies degree of the University of Turku.<\/span><\/p>\n\n\n\n<div class=\"wp-block-buttons is-content-justification-center is-layout-flex wp-block-buttons-is-layout-flex\">\n<div class=\"wp-block-button is-style-primary\"><a class=\"wp-block-button__link\" href=\"http:\/\/www.mairekaruvuori.com\/index.php\/2021\/10\/01\/kokkelin-kullitus-12-2019\/\">Kokkeli<\/a><\/div>\n<\/div>\n<\/div>\n\n\n\n<div class=\"wp-block-column is-layout-flow wp-block-column-is-layout-flow\" style=\"flex-basis:33.34%\">\n<div class=\"wp-block-image is-style-default\"><figure class=\"aligncenter size-large\"><a href=\"http:\/\/www.newperformance.fi\/en\/artists\/maire-karuvuori-fi-2\/\" target=\"_blank\" rel=\"noopener\"><img loading=\"lazy\" decoding=\"async\" width=\"454\" height=\"454\" src=\"http:\/\/www.mairekaruvuori.com\/wp-content\/uploads\/2021\/10\/Chance_FB_NPT-edited-1.jpeg\" alt=\"A crowd of people is climbing up the stairs on a courtyard in the darkening evening.\" class=\"wp-image-648\" srcset=\"http:\/\/www.mairekaruvuori.com\/wp-content\/uploads\/2021\/10\/Chance_FB_NPT-edited-1.jpeg 454w, http:\/\/www.mairekaruvuori.com\/wp-content\/uploads\/2021\/10\/Chance_FB_NPT-edited-1-300x300.jpeg 300w, http:\/\/www.mairekaruvuori.com\/wp-content\/uploads\/2021\/10\/Chance_FB_NPT-edited-1-150x150.jpeg 150w\" sizes=\"(max-width: 454px) 100vw, 454px\" \/><\/a><\/figure><\/div>\n\n\n\n<h3 class=\"has-text-align-center has-neve-text-color-color has-text-color wp-block-heading\">Chance favors the prepared mind<\/h3>\n\n\n\n<p class=\"has-text-align-center\"><span class=\"has-inline-color has-neve-link-color-color\">Observing the city through the eyes of a survivalist. A collaboration with the future studies researcher Marjukka Parkkinen and New Performance Turku Festival.<\/span><\/p>\n\n\n\n<div class=\"wp-block-buttons is-content-justification-center is-layout-flex wp-block-buttons-is-layout-flex\">\n<div class=\"wp-block-button is-style-primary\"><a class=\"wp-block-button__link\" href=\"http:\/\/www.newperformance.fi\/en\/artists\/maire-karuvuori-fi-2\/\" target=\"_blank\" rel=\"noreferrer noopener\">Chance<\/a><\/div>\n<\/div>\n\n\n\n<figure class=\"wp-block-image size-large\"><a href=\"http:\/\/www.mairekaruvuori.com\/index.php\/2021\/09\/23\/miten-raukkamaisesti-onnen-anti-taalla-jaetaan-7-2018\/\"><img loading=\"lazy\" decoding=\"async\" width=\"1333\" height=\"1333\" src=\"http:\/\/www.mairekaruvuori.com\/wp-content\/uploads\/2021\/10\/MAD_0707-edited.jpg\" alt=\"\" class=\"wp-image-640\" srcset=\"http:\/\/www.mairekaruvuori.com\/wp-content\/uploads\/2021\/10\/MAD_0707-edited.jpg 1333w, http:\/\/www.mairekaruvuori.com\/wp-content\/uploads\/2021\/10\/MAD_0707-edited-300x300.jpg 300w, http:\/\/www.mairekaruvuori.com\/wp-content\/uploads\/2021\/10\/MAD_0707-edited-1024x1024.jpg 1024w, http:\/\/www.mairekaruvuori.com\/wp-content\/uploads\/2021\/10\/MAD_0707-edited-150x150.jpg 150w, http:\/\/www.mairekaruvuori.com\/wp-content\/uploads\/2021\/10\/MAD_0707-edited-768x768.jpg 768w\" sizes=\"(max-width: 1333px) 100vw, 1333px\" \/><\/a><\/figure>\n\n\n\n<h3 class=\"has-text-align-center wp-block-heading\"><span class=\"has-inline-color has-neve-link-color-color\">Miten raukkamaisesti onnen anti t\u00e4\u00e4ll\u00e4 jaetaan<\/span><\/h3>\n\n\n\n<p class=\"has-text-align-center\" id=\"block-514b4043-8d0d-469a-90e6-69e04ec481c7\"><span class=\"has-inline-color has-neve-link-color-color\">A performance where I disrupted a delicate balance. Part of \u201cMit\u00e4 it\u00e4\u00e4?\u201d-exhibition, Poriginal-Gallery, Pori, Finland.<\/span><\/p>\n\n\n\n<div class=\"wp-block-buttons is-content-justification-center is-layout-flex wp-block-buttons-is-layout-flex\">\n<div class=\"wp-block-button is-style-primary\"><a class=\"wp-block-button__link\" href=\"http:\/\/www.mairekaruvuori.com\/index.php\/2021\/09\/23\/miten-raukkamaisesti-onnen-anti-taalla-jaetaan-7-2018\/\">raukkamaisesti<\/a><\/div>\n<\/div>\n<\/div>\n\n\n\n<div class=\"wp-block-column is-layout-flow wp-block-column-is-layout-flow\" style=\"flex-basis:33.33%\">\n<figure class=\"wp-block-image size-large\"><a href=\"https:\/\/www.youtube.com\/watch?v=vmFdT9eZN4M\" target=\"_blank\" rel=\"noopener\"><img loading=\"lazy\" decoding=\"async\" width=\"463\" height=\"463\" src=\"http:\/\/www.mairekaruvuori.com\/wp-content\/uploads\/2021\/10\/web_JKK_-edited-1.jpg\" alt=\"\" class=\"wp-image-638\" srcset=\"http:\/\/www.mairekaruvuori.com\/wp-content\/uploads\/2021\/10\/web_JKK_-edited-1.jpg 463w, http:\/\/www.mairekaruvuori.com\/wp-content\/uploads\/2021\/10\/web_JKK_-edited-1-300x300.jpg 300w, http:\/\/www.mairekaruvuori.com\/wp-content\/uploads\/2021\/10\/web_JKK_-edited-1-150x150.jpg 150w\" sizes=\"(max-width: 463px) 100vw, 463px\" \/><\/a><\/figure>\n\n\n\n<h3 class=\"has-text-align-center has-neve-text-color-color has-text-color wp-block-heading\">Soft Angel<\/h3>\n\n\n\n<p class=\"has-text-align-center has-neve-text-color-color has-text-color\">A slow-working, expanding group formed with circus artist Milla Jarko and media artist Jukka Kiistala,<\/p>\n\n\n\n<p class=\"has-text-align-center has-neve-text-color-color has-text-color\">We listen to each other and do things together.<\/p>\n\n\n\n<div class=\"wp-block-buttons is-content-justification-center is-layout-flex wp-block-buttons-is-layout-flex\">\n<div class=\"wp-block-button is-style-primary\"><a class=\"wp-block-button__link\" href=\"https:\/\/www.youtube.com\/watch?v=vmFdT9eZN4M\" target=\"_blank\" rel=\"noreferrer noopener\">soft angel<\/a><\/div>\n<\/div>\n\n\n\n<figure class=\"wp-block-image size-large\"><a href=\"https:\/\/horonkaristys.wixsite.com\/temppeli\" target=\"_blank\" rel=\"noopener\"><img loading=\"lazy\" decoding=\"async\" width=\"1666\" height=\"1663\" src=\"http:\/\/www.mairekaruvuori.com\/wp-content\/uploads\/2021\/10\/HAMMCHKI-edited-1.jpg\" alt=\"\" class=\"wp-image-643\" srcset=\"http:\/\/www.mairekaruvuori.com\/wp-content\/uploads\/2021\/10\/HAMMCHKI-edited-1.jpg 1666w, http:\/\/www.mairekaruvuori.com\/wp-content\/uploads\/2021\/10\/HAMMCHKI-edited-1-300x300.jpg 300w, http:\/\/www.mairekaruvuori.com\/wp-content\/uploads\/2021\/10\/HAMMCHKI-edited-1-1024x1022.jpg 1024w, http:\/\/www.mairekaruvuori.com\/wp-content\/uploads\/2021\/10\/HAMMCHKI-edited-1-150x150.jpg 150w, http:\/\/www.mairekaruvuori.com\/wp-content\/uploads\/2021\/10\/HAMMCHKI-edited-1-768x767.jpg 768w, http:\/\/www.mairekaruvuori.com\/wp-content\/uploads\/2021\/10\/HAMMCHKI-edited-1-1536x1533.jpg 1536w\" sizes=\"(max-width: 1666px) 100vw, 1666px\" \/><\/a><\/figure>\n\n\n\n<h3 class=\"has-text-align-center has-neve-text-color-color has-text-color wp-block-heading\">Horonk\u00e4ristys <\/h3>\n\n\n\n<p class=\"has-text-align-center\"><span class=\"has-inline-color has-neve-link-color-color\">A collaboration with Tiia-Mari Aalto since 2012.<\/span> <span class=\"has-inline-color has-neve-link-color-color\">A feminist statement, a performance duo a free zone. Horonk\u00e4ristys aims to empower, release and save the world. <\/span><\/p>\n\n\n\n<div class=\"wp-block-buttons is-content-justification-center is-layout-flex wp-block-buttons-is-layout-flex\">\n<div class=\"wp-block-button is-style-primary\"><a class=\"wp-block-button__link\" href=\"https:\/\/horonkaristys.wixsite.com\/temppeli\" target=\"_blank\" rel=\"noreferrer noopener\">Horonk\u00e4ristys<\/a><\/div>\n<\/div>\n<\/div>\n<\/div>\n\n\n\n<p><\/p>\n<\/div><\/div>\n\n\n\n<div class=\"wp-block-cover alignwide has-nv-light-bg-background-color has-background-dim\" style=\"min-height:600px;aspect-ratio:unset;\"><div class=\"wp-block-cover__inner-container is-layout-flow wp-block-cover-is-layout-flow\">\n<h2 class=\"wp-block-heading\"><span class=\"has-inline-color has-nv-c-2-color\">Works in Finnish<\/span><\/h2>\n\n\n\n<div class=\"wp-block-group\"><div class=\"wp-block-group__inner-container is-layout-flow wp-block-group-is-layout-flow\">\n<div class=\"wp-block-columns are-vertically-aligned-top is-layout-flex wp-container-core-columns-is-layout-2 wp-block-columns-is-layout-flex\">\n<div class=\"wp-block-column is-vertically-aligned-top is-layout-flow wp-block-column-is-layout-flow\" style=\"flex-basis:50%\">\n<figure class=\"wp-block-image size-large\"><a href=\"http:\/\/www.mairekaruvuori.com\/index.php\/portfolio\/teostiedot\/kuva-nakymattomasta-tapauksesta\/\"><img loading=\"lazy\" decoding=\"async\" width=\"1024\" height=\"640\" src=\"http:\/\/www.mairekaruvuori.com\/wp-content\/uploads\/2021\/09\/Kuva_na\u0308kyma\u0308tto\u0308ma\u0308sta\u0308_mosaiikki-1-1024x640.jpg\" alt=\"A mosaic picture with four squares. In one square you can see the backs of the audience and an empty stage in a conference room. In one square theres a gallery space with a big mobile of white legs hanging from the roof. In one square there's a sign language interpreter and in one square there's the text that's being interpreted.\" class=\"wp-image-562\" srcset=\"http:\/\/www.mairekaruvuori.com\/wp-content\/uploads\/2021\/09\/Kuva_na\u0308kyma\u0308tto\u0308ma\u0308sta\u0308_mosaiikki-1-1024x640.jpg 1024w, http:\/\/www.mairekaruvuori.com\/wp-content\/uploads\/2021\/09\/Kuva_na\u0308kyma\u0308tto\u0308ma\u0308sta\u0308_mosaiikki-1-300x188.jpg 300w, http:\/\/www.mairekaruvuori.com\/wp-content\/uploads\/2021\/09\/Kuva_na\u0308kyma\u0308tto\u0308ma\u0308sta\u0308_mosaiikki-1-768x480.jpg 768w, http:\/\/www.mairekaruvuori.com\/wp-content\/uploads\/2021\/09\/Kuva_na\u0308kyma\u0308tto\u0308ma\u0308sta\u0308_mosaiikki-1.jpg 1440w\" sizes=\"(max-width: 1024px) 100vw, 1024px\" \/><\/a><\/figure>\n\n\n\n<h3 class=\"has-text-align-center has-neve-text-color-color has-text-color wp-block-heading\">Kuva n\u00e4kym\u00e4tt\u00f6m\u00e4st\u00e4 tapauksesta<\/h3>\n\n\n\n<p class=\"has-text-align-center has-neve-text-color-color has-text-color\">Etel\u00e4-Suomen Aluehallintoviraston seminaariinsa tilaama saavutettava teos, jossa mukana kuvailutulkki ja viittomakielen tulkki.<\/p>\n\n\n\n<div class=\"wp-block-buttons is-content-justification-center is-layout-flex wp-block-buttons-is-layout-flex\">\n<div class=\"wp-block-button is-style-primary\"><a class=\"wp-block-button__link\" href=\"http:\/\/www.mairekaruvuori.com\/index.php\/kuva-nakymattomasta-tapauksesta\/\">Lue lis\u00e4\u00e4 n\u00e4kym\u00e4tt\u00f6m\u00e4st\u00e4<\/a><\/div>\n<\/div>\n<\/div>\n\n\n\n<div class=\"wp-block-column is-vertically-aligned-top is-layout-flow wp-block-column-is-layout-flow\" style=\"flex-basis:50%\">\n<figure class=\"wp-block-image size-large\"><a href=\"http:\/\/www.newperformance.fi\/taiteilijat\/maire-karuvuori-fi\/\" target=\"_blank\" rel=\"noopener\"><img loading=\"lazy\" decoding=\"async\" width=\"2560\" height=\"1603\" src=\"http:\/\/www.mairekaruvuori.com\/wp-content\/uploads\/2021\/09\/kolmospostaus1-edited-2-scaled.jpg\" alt=\"\" class=\"wp-image-626\" srcset=\"http:\/\/www.mairekaruvuori.com\/wp-content\/uploads\/2021\/09\/kolmospostaus1-edited-2-scaled.jpg 2560w, http:\/\/www.mairekaruvuori.com\/wp-content\/uploads\/2021\/09\/kolmospostaus1-edited-2-300x188.jpg 300w, http:\/\/www.mairekaruvuori.com\/wp-content\/uploads\/2021\/09\/kolmospostaus1-edited-2-1024x641.jpg 1024w, http:\/\/www.mairekaruvuori.com\/wp-content\/uploads\/2021\/09\/kolmospostaus1-edited-2-768x481.jpg 768w, http:\/\/www.mairekaruvuori.com\/wp-content\/uploads\/2021\/09\/kolmospostaus1-edited-2-1536x962.jpg 1536w, http:\/\/www.mairekaruvuori.com\/wp-content\/uploads\/2021\/09\/kolmospostaus1-edited-2-2048x1282.jpg 2048w\" sizes=\"(max-width: 2560px) 100vw, 2560px\" \/><\/a><\/figure>\n\n\n\n<h3 class=\"has-text-align-center has-neve-text-color-color has-text-color wp-block-heading\">Vara vaaraa h\u00e4lvent\u00e4\u00e4<\/h3>\n\n\n\n<p class=\"has-text-align-center has-neve-text-color-color has-text-color\">Survivalismia k\u00e4sittelev\u00e4 teos New Performance Turku -festivaaleille. Yhteisty\u00f6ss\u00e4 tulevaisuudentutkija Marjukka Parkkinen.<\/p>\n\n\n\n<div class=\"wp-block-buttons is-content-justification-center is-layout-flex wp-block-buttons-is-layout-flex\">\n<div class=\"wp-block-button is-style-primary\"><a class=\"wp-block-button__link\" href=\"http:\/\/www.newperformance.fi\/taiteilijat\/maire-karuvuori-fi\/\" target=\"_blank\" rel=\"noreferrer noopener\">Lue Lis\u00e4\u00e4 Varasta<\/a><\/div>\n<\/div>\n<\/div>\n<\/div>\n<\/div><\/div>\n<\/div><\/div>\n\n\n\n<h2 class=\"alignwide wp-block-heading\">Older pieces<\/h2>\n\n\n\n<div class=\"wp-block-columns alignwide is-layout-flex wp-container-core-columns-is-layout-3 wp-block-columns-is-layout-flex\">\n<div class=\"wp-block-column is-layout-flow wp-block-column-is-layout-flow\">\n<div class=\"wp-block-image\"><figure class=\"aligncenter size-large\"><img loading=\"lazy\" decoding=\"async\" width=\"1316\" height=\"1317\" src=\"http:\/\/www.mairekaruvuori.com\/wp-content\/uploads\/2021\/09\/Contemporary_Teresa_Tojo7-edited-1.jpg\" alt=\"An audience member is kissing a marshmallow, looking at the performance\" class=\"wp-image-617\" srcset=\"http:\/\/www.mairekaruvuori.com\/wp-content\/uploads\/2021\/09\/Contemporary_Teresa_Tojo7-edited-1.jpg 1316w, http:\/\/www.mairekaruvuori.com\/wp-content\/uploads\/2021\/09\/Contemporary_Teresa_Tojo7-edited-1-300x300.jpg 300w, http:\/\/www.mairekaruvuori.com\/wp-content\/uploads\/2021\/09\/Contemporary_Teresa_Tojo7-edited-1-1024x1024.jpg 1024w, http:\/\/www.mairekaruvuori.com\/wp-content\/uploads\/2021\/09\/Contemporary_Teresa_Tojo7-edited-1-150x150.jpg 150w, http:\/\/www.mairekaruvuori.com\/wp-content\/uploads\/2021\/09\/Contemporary_Teresa_Tojo7-edited-1-768x769.jpg 768w\" sizes=\"(max-width: 1316px) 100vw, 1316px\" \/><figcaption>The contemporary state of normal, 11\/2014<\/figcaption><\/figure><\/div>\n<\/div>\n\n\n\n<div class=\"wp-block-column is-layout-flow wp-block-column-is-layout-flow\">\n<div class=\"wp-block-image\"><figure class=\"aligncenter size-large\"><img loading=\"lazy\" decoding=\"async\" width=\"1123\" height=\"1126\" src=\"http:\/\/www.mairekaruvuori.com\/wp-content\/uploads\/2021\/09\/marika_marjukanuni_jukka_kiistala-edited.jpg\" alt=\"Maire carrying a box, leading a group of people up a hill in front of a jugend era city house.\" class=\"wp-image-616\" srcset=\"http:\/\/www.mairekaruvuori.com\/wp-content\/uploads\/2021\/09\/marika_marjukanuni_jukka_kiistala-edited.jpg 1123w, http:\/\/www.mairekaruvuori.com\/wp-content\/uploads\/2021\/09\/marika_marjukanuni_jukka_kiistala-edited-300x300.jpg 300w, http:\/\/www.mairekaruvuori.com\/wp-content\/uploads\/2021\/09\/marika_marjukanuni_jukka_kiistala-edited-1021x1024.jpg 1021w, http:\/\/www.mairekaruvuori.com\/wp-content\/uploads\/2021\/09\/marika_marjukanuni_jukka_kiistala-edited-150x150.jpg 150w, http:\/\/www.mairekaruvuori.com\/wp-content\/uploads\/2021\/09\/marika_marjukanuni_jukka_kiistala-edited-768x770.jpg 768w\" sizes=\"(max-width: 1123px) 100vw, 1123px\" \/><figcaption>Avajaisiin asti, 6\/2014<\/figcaption><\/figure><\/div>\n<\/div>\n\n\n\n<div class=\"wp-block-column is-layout-flow wp-block-column-is-layout-flow\">\n<figure class=\"wp-block-image size-large\"><img loading=\"lazy\" decoding=\"async\" width=\"1155\" height=\"1152\" src=\"http:\/\/www.mairekaruvuori.com\/wp-content\/uploads\/2021\/10\/Copy-of-P3310800-edited.jpg\" alt=\"\" class=\"wp-image-645\" srcset=\"http:\/\/www.mairekaruvuori.com\/wp-content\/uploads\/2021\/10\/Copy-of-P3310800-edited.jpg 1155w, http:\/\/www.mairekaruvuori.com\/wp-content\/uploads\/2021\/10\/Copy-of-P3310800-edited-300x300.jpg 300w, http:\/\/www.mairekaruvuori.com\/wp-content\/uploads\/2021\/10\/Copy-of-P3310800-edited-1024x1021.jpg 1024w, http:\/\/www.mairekaruvuori.com\/wp-content\/uploads\/2021\/10\/Copy-of-P3310800-edited-150x150.jpg 150w, http:\/\/www.mairekaruvuori.com\/wp-content\/uploads\/2021\/10\/Copy-of-P3310800-edited-768x766.jpg 768w\" sizes=\"(max-width: 1155px) 100vw, 1155px\" \/><figcaption>Marloesille, 03\/2017<\/figcaption><\/figure>\n<\/div>\n<\/div>\n\n\n\n<div class=\"wp-block-buttons alignwide is-layout-flex wp-block-buttons-is-layout-flex\">\n<div class=\"wp-block-button is-style-secondary\"><a class=\"wp-block-button__link\" href=\"http:\/\/www.mairekaruvuori.com\/index.php\/art\/\" target=\"_blank\" rel=\"noreferrer noopener\">Here&#8217;s a complete list of my old pieces<\/a><\/div>\n<\/div>\n\n\n\n<p> <\/p>\n","protected":false},"excerpt":{"rendered":"<p>Portfolio Older pieces<\/p>\n","protected":false},"author":1,"featured_media":0,"parent":0,"menu_order":0,"comment_status":"closed","ping_status":"closed","template":"page-templates\/template-pagebuilder-full-width.php","meta":{"_monsterinsights_skip_tracking":false,"_monsterinsights_sitenote_active":false,"_monsterinsights_sitenote_note":"","_monsterinsights_sitenote_category":0,"neve_meta_sidebar":"","neve_meta_container":"","neve_meta_enable_content_width":"","neve_meta_content_width":0,"neve_meta_title_alignment":"","neve_meta_author_avatar":"","neve_post_elements_order":"","neve_meta_disable_header":"","neve_meta_disable_footer":"","neve_meta_disable_title":"","footnotes":""},"aioseo_notices":[],"jetpack_sharing_enabled":true,"_links":{"self":[{"href":"http:\/\/www.mairekaruvuori.com\/index.php\/wp-json\/wp\/v2\/pages\/411"}],"collection":[{"href":"http:\/\/www.mairekaruvuori.com\/index.php\/wp-json\/wp\/v2\/pages"}],"about":[{"href":"http:\/\/www.mairekaruvuori.com\/index.php\/wp-json\/wp\/v2\/types\/page"}],"author":[{"embeddable":true,"href":"http:\/\/www.mairekaruvuori.com\/index.php\/wp-json\/wp\/v2\/users\/1"}],"replies":[{"embeddable":true,"href":"http:\/\/www.mairekaruvuori.com\/index.php\/wp-json\/wp\/v2\/comments?post=411"}],"version-history":[{"count":56,"href":"http:\/\/www.mairekaruvuori.com\/index.php\/wp-json\/wp\/v2\/pages\/411\/revisions"}],"predecessor-version":[{"id":684,"href":"http:\/\/www.mairekaruvuori.com\/index.php\/wp-json\/wp\/v2\/pages\/411\/revisions\/684"}],"wp:attachment":[{"href":"http:\/\/www.mairekaruvuori.com\/index.php\/wp-json\/wp\/v2\/media?parent=411"}],"curies":[{"name":"wp","href":"https:\/\/api.w.org\/{rel}","templated":true}]}}